{"id":988,"date":"2024-12-14T09:32:01","date_gmt":"2024-12-14T12:32:01","guid":{"rendered":"https:\/\/psicologasm.com.br\/?page_id=988"},"modified":"2025-05-20T17:37:58","modified_gmt":"2025-05-20T20:37:58","slug":"psicologia","status":"publish","type":"page","link":"https:\/\/psicologasm.com.br\/?page_id=988","title":{"rendered":"Psicologia"},"content":{"rendered":"\n<p><strong>Psicoterapia \u00e9 cara?<\/strong><\/p>\n\n\n\n<!--more-->\n<!--noteaser-->\n\n\n\n<div id=\"wp-block-themeisle-blocks-advanced-columns-5e195976\" class=\"wp-block-themeisle-blocks-advanced-columns has-1-columns has-desktop-equal-layout has-tablet-equal-layout has-mobile-equal-layout has-vertical-unset\"><div class=\"wp-block-themeisle-blocks-advanced-columns-overlay\"><\/div><div class=\"innerblocks-wrap\">\n<div id=\"wp-block-themeisle-blocks-advanced-column-2d9e9c30\" class=\"wp-block-themeisle-blocks-advanced-column\">\n<p>A import\u00e2ncia da Psicologia no mundo atual est\u00e1 intimamente ligada ao autocuidado, esse que vai al\u00e9m dos cuidados com o corpo. Mas sim, com a integridade do ser humano como um todo.<\/p>\n\n\n\n<p>O Psic\u00f3logo pode diagnosticar e auxiliar no tratamento de desajustes mentais, emocionais e comportamentais, mas principalmente prevenir e melhorar o n\u00edvel de adoecimento dos seres humanos.<\/p>\n\n\n\n<p><strong>O profissional da psicologia&nbsp; estuda e usa t\u00e9cnicas de escuta e de interven\u00e7\u00e3o atrav\u00e9s da fala e da escuta para favorecer a amplia\u00e7\u00e3o do grau de compreens\u00e3o do cliente sobre si mesmo<\/strong>.<\/p>\n\n\n\n<p><strong>Quando procurar um psic\u00f3logo?<\/strong><\/p>\n\n\n\n<p>N\u00e3o existe momento certo. \u00c9 necess\u00e1rio o desejo de autoconhecimento ou necessidade de identificar solu\u00e7\u00f5es, enfrentar medos, bem como, nas dificuldades escolares ou de relacionamentos pessoais, interpessoais ou familiares, entre outros. A sa\u00fade mental deve receber a mesma aten\u00e7\u00e3o da sa\u00fade f\u00edsica.<\/p>\n\n\n\n<p>A psicoterapia \u00e9 bem mais do que falar para algu\u00e9m de suas d\u00favidas ou dificuldades, consiste em ser ouvido a fim de se&nbsp; ressignificar atrav\u00e9s da ajuda especializada.<\/p>\n\n\n\n<p>\u00a0 \u00a0 \u00a0Click na imagem\u2026<\/p>\n\n\n<div class=\"wp-block-image\">\n<figure class=\"aligncenter size-full\"><img loading=\"lazy\" decoding=\"async\" width=\"350\" height=\"495\" src=\"https:\/\/psicologasm.com.br\/wp-content\/uploads\/2024\/12\/giphy.gif\" alt=\"\" class=\"wp-image-989\"\/><\/figure><\/div><\/div>\n<\/div><\/div>\n\n\n\n<p><\/p>\n\n\n\n<p><strong>Psicoterapia \u00e9 cara?<\/strong><\/p>\n\n\n\n<p>A\u00a0 psicoterapia deve ser pensada como um investimento que\u00a0<strong>tem alta taxa de retorno, pois se a pessoa estiver comprometida com seu tratamento os benef\u00edcios tendem a ser duradouros.\u00a0<\/strong>Ent\u00e3o, trata-se de um \u00a0investimento na\u00a0 promo\u00e7\u00e3o de sa\u00fade mental.<br>Quanto ao prazo, varia de acordo com a demanda e entendimento de cada um. Pode ser de longo, m\u00e9dio e curto prazo.<br>Em um ambiente seguro voc\u00ea\u00a0 poder\u00e1 ter a chance de se\u00a0 (re) conhecer e reinventar-se.<br><strong>A primeira consulta serve tamb\u00e9m para falar sobre valores.<\/strong><\/p>\n\n\n\n<p>Consulte desconto para conv\u00eanios.<\/p>\n","protected":false},"excerpt":{"rendered":"<p>Psicoterapia \u00e9 cara?<\/p>\n","protected":false},"author":3,"featured_media":919,"parent":0,"menu_order":0,"comment_status":"closed","ping_status":"closed","template":"","meta":{"_monsterinsights_skip_tracking":false,"_monsterinsights_sitenote_active":false,"_monsterinsights_sitenote_note":"","_monsterinsights_sitenote_category":0,"_themeisle_gutenberg_block_has_review":false,"footnotes":""},"class_list":["post-988","page","type-page","status-publish","has-post-thumbnail","hentry"],"yoast_head":"<!-- This site is optimized with the Yoast SEO plugin v19.7.1 - https:\/\/yoast.com\/wordpress\/plugins\/seo\/ -->\n<title>Psicologia - Ionara Lohmann<\/title>\n<meta name=\"robots\" content=\"index, follow, max-snippet:-1, max-image-preview:large, max-video-preview:-1\" \/>\n<link rel=\"canonical\" href=\"https:\/\/psicologasm.com.br\/?page_id=988\" \/>\n<meta property=\"og:locale\" content=\"pt_BR\" \/>\n<meta property=\"og:type\" content=\"article\" \/>\n<meta property=\"og:title\" content=\"Psicologia - Ionara Lohmann\" \/>\n<meta property=\"og:description\" content=\"Psicoterapia \u00e9 cara?\" \/>\n<meta property=\"og:url\" content=\"https:\/\/psicologasm.com.br\/?page_id=988\" \/>\n<meta property=\"og:site_name\" content=\"Ionara Lohmann\" \/>\n<meta property=\"article:modified_time\" content=\"2025-05-20T20:37:58+00:00\" \/>\n<meta property=\"og:image\" content=\"https:\/\/psicologasm.com.br\/wp-content\/uploads\/2022\/01\/psi_-e1642088180268.png\" \/>\n\t<meta property=\"og:image:width\" content=\"100\" \/>\n\t<meta property=\"og:image:height\" content=\"100\" \/>\n\t<meta property=\"og:image:type\" content=\"image\/png\" \/>\n<meta name=\"twitter:card\" content=\"summary_large_image\" \/>\n<meta name=\"twitter:label1\" content=\"Est. tempo de leitura\" \/>\n\t<meta name=\"twitter:data1\" content=\"1 minuto\" \/>\n<script type=\"application\/ld+json\" class=\"yoast-schema-graph\">{\"@context\":\"https:\/\/schema.org\",\"@graph\":[{\"@type\":\"WebPage\",\"@id\":\"https:\/\/psicologasm.com.br\/?page_id=988\",\"url\":\"https:\/\/psicologasm.com.br\/?page_id=988\",\"name\":\"Psicologia - Ionara Lohmann\",\"isPartOf\":{\"@id\":\"https:\/\/psicologasm.com.br\/#website\"},\"datePublished\":\"2024-12-14T12:32:01+00:00\",\"dateModified\":\"2025-05-20T20:37:58+00:00\",\"breadcrumb\":{\"@id\":\"https:\/\/psicologasm.com.br\/?page_id=988#breadcrumb\"},\"inLanguage\":\"pt-BR\",\"potentialAction\":[{\"@type\":\"ReadAction\",\"target\":[\"https:\/\/psicologasm.com.br\/?page_id=988\"]}]},{\"@type\":\"BreadcrumbList\",\"@id\":\"https:\/\/psicologasm.com.br\/?page_id=988#breadcrumb\",\"itemListElement\":[{\"@type\":\"ListItem\",\"position\":1,\"name\":\"In\u00edcio\",\"item\":\"https:\/\/psicologasm.com.br\/\"},{\"@type\":\"ListItem\",\"position\":2,\"name\":\"Psicologia\"}]},{\"@type\":\"WebSite\",\"@id\":\"https:\/\/psicologasm.com.br\/#website\",\"url\":\"https:\/\/psicologasm.com.br\/\",\"name\":\"Michele Lohmann - Psic\u00f3loga CRP 07\/33684\",\"description\":\"Psic\u00f3loga CRP 07\/24780\",\"potentialAction\":[{\"@type\":\"SearchAction\",\"target\":{\"@type\":\"EntryPoint\",\"urlTemplate\":\"https:\/\/psicologasm.com.br\/?s={search_term_string}\"},\"query-input\":\"required name=search_term_string\"}],\"inLanguage\":\"pt-BR\"}]}<\/script>\n<!-- \/ Yoast SEO plugin. -->","yoast_head_json":{"title":"Psicologia - Ionara Lohmann","robots":{"index":"index","follow":"follow","max-snippet":"max-snippet:-1","max-image-preview":"max-image-preview:large","max-video-preview":"max-video-preview:-1"},"canonical":"https:\/\/psicologasm.com.br\/?page_id=988","og_locale":"pt_BR","og_type":"article","og_title":"Psicologia - Ionara Lohmann","og_description":"Psicoterapia \u00e9 cara?","og_url":"https:\/\/psicologasm.com.br\/?page_id=988","og_site_name":"Ionara Lohmann","article_modified_time":"2025-05-20T20:37:58+00:00","og_image":[{"width":100,"height":100,"url":"https:\/\/psicologasm.com.br\/wp-content\/uploads\/2022\/01\/psi_-e1642088180268.png","type":"image\/png"}],"twitter_card":"summary_large_image","twitter_misc":{"Est. tempo de leitura":"1 minuto"},"schema":{"@context":"https:\/\/schema.org","@graph":[{"@type":"WebPage","@id":"https:\/\/psicologasm.com.br\/?page_id=988","url":"https:\/\/psicologasm.com.br\/?page_id=988","name":"Psicologia - Ionara Lohmann","isPartOf":{"@id":"https:\/\/psicologasm.com.br\/#website"},"datePublished":"2024-12-14T12:32:01+00:00","dateModified":"2025-05-20T20:37:58+00:00","breadcrumb":{"@id":"https:\/\/psicologasm.com.br\/?page_id=988#breadcrumb"},"inLanguage":"pt-BR","potentialAction":[{"@type":"ReadAction","target":["https:\/\/psicologasm.com.br\/?page_id=988"]}]},{"@type":"BreadcrumbList","@id":"https:\/\/psicologasm.com.br\/?page_id=988#breadcrumb","itemListElement":[{"@type":"ListItem","position":1,"name":"In\u00edcio","item":"https:\/\/psicologasm.com.br\/"},{"@type":"ListItem","position":2,"name":"Psicologia"}]},{"@type":"WebSite","@id":"https:\/\/psicologasm.com.br\/#website","url":"https:\/\/psicologasm.com.br\/","name":"Michele Lohmann - Psic\u00f3loga CRP 07\/33684","description":"Psic\u00f3loga CRP 07\/24780","potentialAction":[{"@type":"SearchAction","target":{"@type":"EntryPoint","urlTemplate":"https:\/\/psicologasm.com.br\/?s={search_term_string}"},"query-input":"required name=search_term_string"}],"inLanguage":"pt-BR"}]}},"_links":{"self":[{"href":"https:\/\/psicologasm.com.br\/index.php?rest_route=\/wp\/v2\/pages\/988","targetHints":{"allow":["GET"]}}],"collection":[{"href":"https:\/\/psicologasm.com.br\/index.php?rest_route=\/wp\/v2\/pages"}],"about":[{"href":"https:\/\/psicologasm.com.br\/index.php?rest_route=\/wp\/v2\/types\/page"}],"author":[{"embeddable":true,"href":"https:\/\/psicologasm.com.br\/index.php?rest_route=\/wp\/v2\/users\/3"}],"replies":[{"embeddable":true,"href":"https:\/\/psicologasm.com.br\/index.php?rest_route=%2Fwp%2Fv2%2Fcomments&post=988"}],"version-history":[{"count":4,"href":"https:\/\/psicologasm.com.br\/index.php?rest_route=\/wp\/v2\/pages\/988\/revisions"}],"predecessor-version":[{"id":996,"href":"https:\/\/psicologasm.com.br\/index.php?rest_route=\/wp\/v2\/pages\/988\/revisions\/996"}],"wp:featuredmedia":[{"embeddable":true,"href":"https:\/\/psicologasm.com.br\/index.php?rest_route=\/wp\/v2\/media\/919"}],"wp:attachment":[{"href":"https:\/\/psicologasm.com.br\/index.php?rest_route=%2Fwp%2Fv2%2Fmedia&parent=988"}],"curies":[{"name":"wp","href":"https:\/\/api.w.org\/{rel}","templated":true}]}}