{"id":9,"date":"2021-01-05T13:19:28","date_gmt":"2021-01-05T16:19:28","guid":{"rendered":"https:\/\/psicologasm.com.br\/?page_id=9"},"modified":"2024-12-14T10:13:37","modified_gmt":"2024-12-14T13:13:37","slug":"contato","status":"publish","type":"page","link":"https:\/\/psicologasm.com.br\/?page_id=9","title":{"rendered":"Contato"},"content":{"rendered":"\n<figure class=\"wp-block-gallery columns-0 is-cropped wp-block-gallery-1 is-layout-flex wp-block-gallery-is-layout-flex\"><ul class=\"blocks-gallery-grid\"><\/ul><\/figure>\n\n\n\n<p>Voc\u00ea pode entrar em contato atrav\u00e9s das informa\u00e7\u00f5es aqui dispon\u00edveis, ou tamb\u00e9m atrav\u00e9s do formul\u00e1rio. Ser\u00e1 um prazer conversar com voc\u00ea!<\/p>\n\n\n\n<div class=\"wpforms-container wpforms-container-full\" id=\"wpforms-814\"><form id=\"wpforms-form-814\" class=\"wpforms-validate wpforms-form\" data-formid=\"814\" method=\"post\" enctype=\"multipart\/form-data\" action=\"\/index.php?rest_route=%2Fwp%2Fv2%2Fpages%2F9\" data-token=\"127c24b1d81d5e3efe16e6ef77740765\"><noscript class=\"wpforms-error-noscript\">Ative o JavaScript no seu navegador para preencher este formul\u00e1rio.<\/noscript><div class=\"wpforms-field-container\"><div id=\"wpforms-814-field_0-container\" class=\"wpforms-field wpforms-field-name\" data-field-id=\"0\"><label class=\"wpforms-field-label\" for=\"wpforms-814-field_0\">Nome <span class=\"wpforms-required-label\">*<\/span><\/label><input type=\"text\" id=\"wpforms-814-field_0\" class=\"wpforms-field-medium wpforms-field-required\" name=\"wpforms[fields][0]\" required><\/div><div id=\"wpforms-814-field_4-container\" class=\"wpforms-field wpforms-field-text\" data-field-id=\"4\"><label class=\"wpforms-field-label\" for=\"wpforms-814-field_4\">Celular <span class=\"wpforms-required-label\">*<\/span><\/label><input type=\"text\" id=\"wpforms-814-field_4\" class=\"wpforms-field-small wpforms-field-required wpforms-masked-input\" data-rule-inputmask-incomplete=\"1\" data-inputmask-mask=\"(99)99999-9999\" name=\"wpforms[fields][4]\" required><\/div><div id=\"wpforms-814-field_1-container\" class=\"wpforms-field wpforms-field-email\" data-field-id=\"1\"><label class=\"wpforms-field-label\" for=\"wpforms-814-field_1\">E-mail <span class=\"wpforms-required-label\">*<\/span><\/label><input type=\"email\" id=\"wpforms-814-field_1\" class=\"wpforms-field-medium wpforms-field-required\" name=\"wpforms[fields][1]\" required><\/div><div id=\"wpforms-814-field_2-container\" class=\"wpforms-field wpforms-field-textarea\" data-field-id=\"2\"><label class=\"wpforms-field-label\" for=\"wpforms-814-field_2\">Mensagem <span class=\"wpforms-required-label\">*<\/span><\/label><textarea id=\"wpforms-814-field_2\" class=\"wpforms-field-medium wpforms-field-required\" name=\"wpforms[fields][2]\" required><\/textarea><\/div><\/div><input type=\"hidden\" name=\"wpforms[recaptcha]\" value=\"\"><div class=\"wpforms-submit-container\"><input type=\"hidden\" name=\"wpforms[id]\" value=\"814\"><input type=\"hidden\" name=\"wpforms[author]\" value=\"3\"><button type=\"submit\" name=\"wpforms[submit]\" id=\"wpforms-submit-814\" class=\"wpforms-submit\" data-alt-text=\"Enviando...\" data-submit-text=\"Enviar\" aria-live=\"assertive\" value=\"wpforms-submit\">Enviar<\/button><\/div><\/form><\/div>  <!-- .wpforms-container -->\n\n\n\n<p><\/p>\n","protected":false},"excerpt":{"rendered":"<p>Voc\u00ea pode entrar em contato atrav\u00e9s das informa\u00e7\u00f5es aqui dispon\u00edveis, ou tamb\u00e9m atrav\u00e9s do formul\u00e1rio. Ser\u00e1 um prazer conversar com voc\u00ea!<\/p>\n","protected":false},"author":3,"featured_media":0,"parent":0,"menu_order":0,"comment_status":"closed","ping_status":"closed","template":"page-templates\/contact.php","meta":{"_monsterinsights_skip_tracking":false,"_monsterinsights_sitenote_active":false,"_monsterinsights_sitenote_note":"","_monsterinsights_sitenote_category":0,"_themeisle_gutenberg_block_has_review":false,"footnotes":""},"class_list":["post-9","page","type-page","status-publish","hentry"],"yoast_head":"<!-- This site is optimized with the Yoast SEO plugin v19.7.1 - https:\/\/yoast.com\/wordpress\/plugins\/seo\/ -->\n<title>Contato - Ionara Lohmann<\/title>\n<meta name=\"robots\" content=\"index, follow, max-snippet:-1, max-image-preview:large, max-video-preview:-1\" \/>\n<link rel=\"canonical\" href=\"https:\/\/psicologasm.com.br\/?page_id=9\" \/>\n<meta property=\"og:locale\" content=\"pt_BR\" \/>\n<meta property=\"og:type\" content=\"article\" \/>\n<meta property=\"og:title\" content=\"Contato - Ionara Lohmann\" \/>\n<meta property=\"og:description\" content=\"Voc\u00ea pode entrar em contato atrav\u00e9s das informa\u00e7\u00f5es aqui dispon\u00edveis, ou tamb\u00e9m atrav\u00e9s do formul\u00e1rio. Ser\u00e1 um prazer conversar com voc\u00ea!\" \/>\n<meta property=\"og:url\" content=\"https:\/\/psicologasm.com.br\/?page_id=9\" \/>\n<meta property=\"og:site_name\" content=\"Ionara Lohmann\" \/>\n<meta property=\"article:modified_time\" content=\"2024-12-14T13:13:37+00:00\" \/>\n<meta name=\"twitter:card\" content=\"summary_large_image\" \/>\n<script type=\"application\/ld+json\" class=\"yoast-schema-graph\">{\"@context\":\"https:\/\/schema.org\",\"@graph\":[{\"@type\":\"WebPage\",\"@id\":\"https:\/\/psicologasm.com.br\/?page_id=9\",\"url\":\"https:\/\/psicologasm.com.br\/?page_id=9\",\"name\":\"Contato - Ionara Lohmann\",\"isPartOf\":{\"@id\":\"https:\/\/psicologasm.com.br\/#website\"},\"datePublished\":\"2021-01-05T16:19:28+00:00\",\"dateModified\":\"2024-12-14T13:13:37+00:00\",\"breadcrumb\":{\"@id\":\"https:\/\/psicologasm.com.br\/?page_id=9#breadcrumb\"},\"inLanguage\":\"pt-BR\",\"potentialAction\":[{\"@type\":\"ReadAction\",\"target\":[\"https:\/\/psicologasm.com.br\/?page_id=9\"]}]},{\"@type\":\"BreadcrumbList\",\"@id\":\"https:\/\/psicologasm.com.br\/?page_id=9#breadcrumb\",\"itemListElement\":[{\"@type\":\"ListItem\",\"position\":1,\"name\":\"In\u00edcio\",\"item\":\"https:\/\/psicologasm.com.br\/\"},{\"@type\":\"ListItem\",\"position\":2,\"name\":\"Contato\"}]},{\"@type\":\"WebSite\",\"@id\":\"https:\/\/psicologasm.com.br\/#website\",\"url\":\"https:\/\/psicologasm.com.br\/\",\"name\":\"Michele Lohmann - Psic\u00f3loga CRP 07\/33684\",\"description\":\"Psic\u00f3loga CRP 07\/24780\",\"potentialAction\":[{\"@type\":\"SearchAction\",\"target\":{\"@type\":\"EntryPoint\",\"urlTemplate\":\"https:\/\/psicologasm.com.br\/?s={search_term_string}\"},\"query-input\":\"required name=search_term_string\"}],\"inLanguage\":\"pt-BR\"}]}<\/script>\n<!-- \/ Yoast SEO plugin. -->","yoast_head_json":{"title":"Contato - Ionara Lohmann","robots":{"index":"index","follow":"follow","max-snippet":"max-snippet:-1","max-image-preview":"max-image-preview:large","max-video-preview":"max-video-preview:-1"},"canonical":"https:\/\/psicologasm.com.br\/?page_id=9","og_locale":"pt_BR","og_type":"article","og_title":"Contato - Ionara Lohmann","og_description":"Voc\u00ea pode entrar em contato atrav\u00e9s das informa\u00e7\u00f5es aqui dispon\u00edveis, ou tamb\u00e9m atrav\u00e9s do formul\u00e1rio. Ser\u00e1 um prazer conversar com voc\u00ea!","og_url":"https:\/\/psicologasm.com.br\/?page_id=9","og_site_name":"Ionara Lohmann","article_modified_time":"2024-12-14T13:13:37+00:00","twitter_card":"summary_large_image","schema":{"@context":"https:\/\/schema.org","@graph":[{"@type":"WebPage","@id":"https:\/\/psicologasm.com.br\/?page_id=9","url":"https:\/\/psicologasm.com.br\/?page_id=9","name":"Contato - Ionara Lohmann","isPartOf":{"@id":"https:\/\/psicologasm.com.br\/#website"},"datePublished":"2021-01-05T16:19:28+00:00","dateModified":"2024-12-14T13:13:37+00:00","breadcrumb":{"@id":"https:\/\/psicologasm.com.br\/?page_id=9#breadcrumb"},"inLanguage":"pt-BR","potentialAction":[{"@type":"ReadAction","target":["https:\/\/psicologasm.com.br\/?page_id=9"]}]},{"@type":"BreadcrumbList","@id":"https:\/\/psicologasm.com.br\/?page_id=9#breadcrumb","itemListElement":[{"@type":"ListItem","position":1,"name":"In\u00edcio","item":"https:\/\/psicologasm.com.br\/"},{"@type":"ListItem","position":2,"name":"Contato"}]},{"@type":"WebSite","@id":"https:\/\/psicologasm.com.br\/#website","url":"https:\/\/psicologasm.com.br\/","name":"Michele Lohmann - Psic\u00f3loga CRP 07\/33684","description":"Psic\u00f3loga CRP 07\/24780","potentialAction":[{"@type":"SearchAction","target":{"@type":"EntryPoint","urlTemplate":"https:\/\/psicologasm.com.br\/?s={search_term_string}"},"query-input":"required name=search_term_string"}],"inLanguage":"pt-BR"}]}},"_links":{"self":[{"href":"https:\/\/psicologasm.com.br\/index.php?rest_route=\/wp\/v2\/pages\/9","targetHints":{"allow":["GET"]}}],"collection":[{"href":"https:\/\/psicologasm.com.br\/index.php?rest_route=\/wp\/v2\/pages"}],"about":[{"href":"https:\/\/psicologasm.com.br\/index.php?rest_route=\/wp\/v2\/types\/page"}],"author":[{"embeddable":true,"href":"https:\/\/psicologasm.com.br\/index.php?rest_route=\/wp\/v2\/users\/3"}],"replies":[{"embeddable":true,"href":"https:\/\/psicologasm.com.br\/index.php?rest_route=%2Fwp%2Fv2%2Fcomments&post=9"}],"version-history":[{"count":16,"href":"https:\/\/psicologasm.com.br\/index.php?rest_route=\/wp\/v2\/pages\/9\/revisions"}],"predecessor-version":[{"id":832,"href":"https:\/\/psicologasm.com.br\/index.php?rest_route=\/wp\/v2\/pages\/9\/revisions\/832"}],"wp:attachment":[{"href":"https:\/\/psicologasm.com.br\/index.php?rest_route=%2Fwp%2Fv2%2Fmedia&parent=9"}],"curies":[{"name":"wp","href":"https:\/\/api.w.org\/{rel}","templated":true}]}}