{"id":521,"date":"2021-01-05T20:13:23","date_gmt":"2021-01-05T23:13:23","guid":{"rendered":"https:\/\/psicologasm.com.br\/?page_id=521"},"modified":"2025-05-20T17:38:13","modified_gmt":"2025-05-20T20:38:13","slug":"sobre","status":"publish","type":"page","link":"https:\/\/psicologasm.com.br\/?page_id=521","title":{"rendered":"Sobre Mim"},"content":{"rendered":"\n<p>Uma Breve Apresenta\u00e7\u00e3o<\/p>\n\n\n\n<!--more-->\n<!--noteaser-->\n\n\n\n<p class=\"has-text-align-center has-medium-font-size\"><strong>Seja bem-vindo!<\/strong><\/p>\n\n\n<div class=\"wp-block-image\">\n<figure class=\"alignright size-full is-resized\"><img loading=\"lazy\" decoding=\"async\" width=\"400\" height=\"405\" src=\"https:\/\/psicologasm.com.br\/wp-content\/uploads\/2024\/12\/foto.jpg\" alt=\"\" class=\"wp-image-978\" style=\"width:314px;height:314px\" srcset=\"https:\/\/psicologasm.com.br\/wp-content\/uploads\/2024\/12\/foto.jpg 400w, https:\/\/psicologasm.com.br\/wp-content\/uploads\/2024\/12\/foto-296x300.jpg 296w, https:\/\/psicologasm.com.br\/wp-content\/uploads\/2024\/12\/foto-45x45.jpg 45w\" sizes=\"auto, (max-width: 400px) 100vw, 400px\" \/><\/figure><\/div>\n\n\n<p>&nbsp;&nbsp;<\/p>\n\n\n\n<p>Graduada em Psicologia<\/p>\n\n\n\n<p>Especialista em Educa\u00e7\u00e3o<\/p>\n\n\n\n<p>Capacita\u00e7\u00e3o em Psicologia do Desenvolvimento Infantil e Orienta\u00e7\u00e3o para Pais<\/p>\n\n\n\n<p>Aperfei\u00e7oamento em Sa\u00fade Mental<\/p>\n\n\n\n<p><\/p>\n\n\n\n<p><strong><em>Ionara  Lohmann<\/em><\/strong><\/p>\n\n\n\n<p><em>Psic\u00f3loga CRP- 07\/24780<\/em><\/p>\n\n\n\n<p>&nbsp;<\/p>\n","protected":false},"excerpt":{"rendered":"<p>Uma Breve Apresenta\u00e7\u00e3o<\/p>\n","protected":false},"author":3,"featured_media":919,"parent":0,"menu_order":0,"comment_status":"closed","ping_status":"closed","template":"","meta":{"_monsterinsights_skip_tracking":false,"_monsterinsights_sitenote_active":false,"_monsterinsights_sitenote_note":"","_monsterinsights_sitenote_category":0,"_themeisle_gutenberg_block_has_review":false,"footnotes":""},"class_list":["post-521","page","type-page","status-publish","has-post-thumbnail","hentry"],"yoast_head":"<!-- This site is optimized with the Yoast SEO plugin v19.7.1 - https:\/\/yoast.com\/wordpress\/plugins\/seo\/ -->\n<title>Sobre Mim - Ionara Lohmann<\/title>\n<meta name=\"robots\" content=\"index, follow, max-snippet:-1, max-image-preview:large, max-video-preview:-1\" \/>\n<link rel=\"canonical\" href=\"https:\/\/psicologasm.com.br\/?page_id=521\" \/>\n<meta property=\"og:locale\" content=\"pt_BR\" \/>\n<meta property=\"og:type\" content=\"article\" \/>\n<meta property=\"og:title\" content=\"Sobre Mim - Ionara Lohmann\" \/>\n<meta property=\"og:description\" content=\"Uma Breve Apresenta\u00e7\u00e3o\" \/>\n<meta property=\"og:url\" content=\"https:\/\/psicologasm.com.br\/?page_id=521\" \/>\n<meta property=\"og:site_name\" content=\"Ionara Lohmann\" \/>\n<meta property=\"article:modified_time\" content=\"2025-05-20T20:38:13+00:00\" \/>\n<meta property=\"og:image\" content=\"https:\/\/psicologasm.com.br\/wp-content\/uploads\/2022\/01\/psi_-e1642088180268.png\" \/>\n\t<meta property=\"og:image:width\" content=\"100\" \/>\n\t<meta property=\"og:image:height\" content=\"100\" \/>\n\t<meta property=\"og:image:type\" content=\"image\/png\" \/>\n<meta name=\"twitter:card\" content=\"summary_large_image\" \/>\n<meta name=\"twitter:label1\" content=\"Est. tempo de leitura\" \/>\n\t<meta name=\"twitter:data1\" content=\"1 minuto\" \/>\n<script type=\"application\/ld+json\" class=\"yoast-schema-graph\">{\"@context\":\"https:\/\/schema.org\",\"@graph\":[{\"@type\":\"WebPage\",\"@id\":\"https:\/\/psicologasm.com.br\/?page_id=521\",\"url\":\"https:\/\/psicologasm.com.br\/?page_id=521\",\"name\":\"Sobre Mim - Ionara Lohmann\",\"isPartOf\":{\"@id\":\"https:\/\/psicologasm.com.br\/#website\"},\"datePublished\":\"2021-01-05T23:13:23+00:00\",\"dateModified\":\"2025-05-20T20:38:13+00:00\",\"breadcrumb\":{\"@id\":\"https:\/\/psicologasm.com.br\/?page_id=521#breadcrumb\"},\"inLanguage\":\"pt-BR\",\"potentialAction\":[{\"@type\":\"ReadAction\",\"target\":[\"https:\/\/psicologasm.com.br\/?page_id=521\"]}]},{\"@type\":\"BreadcrumbList\",\"@id\":\"https:\/\/psicologasm.com.br\/?page_id=521#breadcrumb\",\"itemListElement\":[{\"@type\":\"ListItem\",\"position\":1,\"name\":\"In\u00edcio\",\"item\":\"https:\/\/psicologasm.com.br\/\"},{\"@type\":\"ListItem\",\"position\":2,\"name\":\"Sobre Mim\"}]},{\"@type\":\"WebSite\",\"@id\":\"https:\/\/psicologasm.com.br\/#website\",\"url\":\"https:\/\/psicologasm.com.br\/\",\"name\":\"Michele Lohmann - Psic\u00f3loga CRP 07\/33684\",\"description\":\"Psic\u00f3loga CRP 07\/24780\",\"potentialAction\":[{\"@type\":\"SearchAction\",\"target\":{\"@type\":\"EntryPoint\",\"urlTemplate\":\"https:\/\/psicologasm.com.br\/?s={search_term_string}\"},\"query-input\":\"required name=search_term_string\"}],\"inLanguage\":\"pt-BR\"}]}<\/script>\n<!-- \/ Yoast SEO plugin. -->","yoast_head_json":{"title":"Sobre Mim - Ionara Lohmann","robots":{"index":"index","follow":"follow","max-snippet":"max-snippet:-1","max-image-preview":"max-image-preview:large","max-video-preview":"max-video-preview:-1"},"canonical":"https:\/\/psicologasm.com.br\/?page_id=521","og_locale":"pt_BR","og_type":"article","og_title":"Sobre Mim - Ionara Lohmann","og_description":"Uma Breve Apresenta\u00e7\u00e3o","og_url":"https:\/\/psicologasm.com.br\/?page_id=521","og_site_name":"Ionara Lohmann","article_modified_time":"2025-05-20T20:38:13+00:00","og_image":[{"width":100,"height":100,"url":"https:\/\/psicologasm.com.br\/wp-content\/uploads\/2022\/01\/psi_-e1642088180268.png","type":"image\/png"}],"twitter_card":"summary_large_image","twitter_misc":{"Est. tempo de leitura":"1 minuto"},"schema":{"@context":"https:\/\/schema.org","@graph":[{"@type":"WebPage","@id":"https:\/\/psicologasm.com.br\/?page_id=521","url":"https:\/\/psicologasm.com.br\/?page_id=521","name":"Sobre Mim - Ionara Lohmann","isPartOf":{"@id":"https:\/\/psicologasm.com.br\/#website"},"datePublished":"2021-01-05T23:13:23+00:00","dateModified":"2025-05-20T20:38:13+00:00","breadcrumb":{"@id":"https:\/\/psicologasm.com.br\/?page_id=521#breadcrumb"},"inLanguage":"pt-BR","potentialAction":[{"@type":"ReadAction","target":["https:\/\/psicologasm.com.br\/?page_id=521"]}]},{"@type":"BreadcrumbList","@id":"https:\/\/psicologasm.com.br\/?page_id=521#breadcrumb","itemListElement":[{"@type":"ListItem","position":1,"name":"In\u00edcio","item":"https:\/\/psicologasm.com.br\/"},{"@type":"ListItem","position":2,"name":"Sobre Mim"}]},{"@type":"WebSite","@id":"https:\/\/psicologasm.com.br\/#website","url":"https:\/\/psicologasm.com.br\/","name":"Michele Lohmann - Psic\u00f3loga CRP 07\/33684","description":"Psic\u00f3loga CRP 07\/24780","potentialAction":[{"@type":"SearchAction","target":{"@type":"EntryPoint","urlTemplate":"https:\/\/psicologasm.com.br\/?s={search_term_string}"},"query-input":"required name=search_term_string"}],"inLanguage":"pt-BR"}]}},"_links":{"self":[{"href":"https:\/\/psicologasm.com.br\/index.php?rest_route=\/wp\/v2\/pages\/521","targetHints":{"allow":["GET"]}}],"collection":[{"href":"https:\/\/psicologasm.com.br\/index.php?rest_route=\/wp\/v2\/pages"}],"about":[{"href":"https:\/\/psicologasm.com.br\/index.php?rest_route=\/wp\/v2\/types\/page"}],"author":[{"embeddable":true,"href":"https:\/\/psicologasm.com.br\/index.php?rest_route=\/wp\/v2\/users\/3"}],"replies":[{"embeddable":true,"href":"https:\/\/psicologasm.com.br\/index.php?rest_route=%2Fwp%2Fv2%2Fcomments&post=521"}],"version-history":[{"count":39,"href":"https:\/\/psicologasm.com.br\/index.php?rest_route=\/wp\/v2\/pages\/521\/revisions"}],"predecessor-version":[{"id":979,"href":"https:\/\/psicologasm.com.br\/index.php?rest_route=\/wp\/v2\/pages\/521\/revisions\/979"}],"wp:featuredmedia":[{"embeddable":true,"href":"https:\/\/psicologasm.com.br\/index.php?rest_route=\/wp\/v2\/media\/919"}],"wp:attachment":[{"href":"https:\/\/psicologasm.com.br\/index.php?rest_route=%2Fwp%2Fv2%2Fmedia&parent=521"}],"curies":[{"name":"wp","href":"https:\/\/api.w.org\/{rel}","templated":true}]}}