{"id":513,"date":"2021-01-05T20:00:00","date_gmt":"2021-01-05T23:00:00","guid":{"rendered":"https:\/\/psicologasm.com.br\/?page_id=513"},"modified":"2025-05-20T17:37:39","modified_gmt":"2025-05-20T20:37:39","slug":"psicoterapia","status":"publish","type":"page","link":"https:\/\/psicologasm.com.br\/?page_id=513","title":{"rendered":"Demandas Atendidas"},"content":{"rendered":"\n<p><\/p>\n\n\n\n<!--more-->\n<!--noteaser-->\n\n\n<div class=\"wp-block-image is-style-default\">\n<figure class=\"alignright size-full\"><img loading=\"lazy\" decoding=\"async\" width=\"100\" height=\"100\" src=\"https:\/\/psicologasm.com.br\/wp-content\/uploads\/2022\/01\/cabeca-e1642087933878.png\" alt=\"\" class=\"wp-image-918\"\/><\/figure><\/div>\n\n\n<p>A &nbsp;<strong>demanda<\/strong>&nbsp;se refere aquilo que levou a pessoa a buscar ajuda de um profissional de sa\u00fade, incluindo tanto os aspectos f\u00edsicos, quanto os aspectos emocionais pois o ser humano \u00e9 integral. Deste modo a psicoterapia promove ao sujeito que sofre o acolhimento de sua dor diante de uma escuta especializada e livre de julgamentos.<\/p>\n\n\n\n<ul class=\"wp-block-list\">\n<li><strong>Sensa\u00e7\u00e3o de n\u00e3o pertencer a algum lugar<\/strong><\/li>\n\n\n\n<li><strong>Altera\u00e7\u00f5es significativas nas atividades do cotidiano<\/strong><\/li>\n\n\n\n<li><strong>Dificuldades escolares<\/strong><\/li>\n\n\n\n<li><strong>Dificuldades nos relacionamentos<\/strong><\/li>\n\n\n\n<li><strong>Desinteresse pelas coisas que gostava de fazer<\/strong><\/li>\n\n\n\n<li><strong>Como levar a vida ap\u00f3s perdas ou traumas<\/strong><\/li>\n<\/ul>\n","protected":false},"excerpt":{"rendered":"","protected":false},"author":3,"featured_media":918,"parent":0,"menu_order":0,"comment_status":"closed","ping_status":"closed","template":"","meta":{"_monsterinsights_skip_tracking":false,"_monsterinsights_sitenote_active":false,"_monsterinsights_sitenote_note":"","_monsterinsights_sitenote_category":0,"_themeisle_gutenberg_block_has_review":false,"footnotes":""},"class_list":["post-513","page","type-page","status-publish","has-post-thumbnail","hentry"],"yoast_head":"<!-- This site is optimized with the Yoast SEO plugin v19.7.1 - https:\/\/yoast.com\/wordpress\/plugins\/seo\/ -->\n<title>Demandas Atendidas - Ionara Lohmann<\/title>\n<meta name=\"robots\" content=\"index, follow, max-snippet:-1, max-image-preview:large, max-video-preview:-1\" \/>\n<link rel=\"canonical\" href=\"https:\/\/psicologasm.com.br\/?page_id=513\" \/>\n<meta property=\"og:locale\" content=\"pt_BR\" \/>\n<meta property=\"og:type\" content=\"article\" \/>\n<meta property=\"og:title\" content=\"Demandas Atendidas - Ionara Lohmann\" \/>\n<meta property=\"og:url\" content=\"https:\/\/psicologasm.com.br\/?page_id=513\" \/>\n<meta property=\"og:site_name\" content=\"Ionara Lohmann\" \/>\n<meta property=\"article:modified_time\" content=\"2025-05-20T20:37:39+00:00\" \/>\n<meta property=\"og:image\" content=\"https:\/\/psicologasm.com.br\/wp-content\/uploads\/2022\/01\/cabeca-e1642087933878.png\" \/>\n\t<meta property=\"og:image:width\" content=\"100\" \/>\n\t<meta property=\"og:image:height\" content=\"100\" \/>\n\t<meta property=\"og:image:type\" content=\"image\/png\" \/>\n<meta name=\"twitter:card\" content=\"summary_large_image\" \/>\n<meta name=\"twitter:label1\" content=\"Est. tempo de leitura\" \/>\n\t<meta name=\"twitter:data1\" content=\"1 minuto\" \/>\n<script type=\"application\/ld+json\" class=\"yoast-schema-graph\">{\"@context\":\"https:\/\/schema.org\",\"@graph\":[{\"@type\":\"WebPage\",\"@id\":\"https:\/\/psicologasm.com.br\/?page_id=513\",\"url\":\"https:\/\/psicologasm.com.br\/?page_id=513\",\"name\":\"Demandas Atendidas - Ionara Lohmann\",\"isPartOf\":{\"@id\":\"https:\/\/psicologasm.com.br\/#website\"},\"datePublished\":\"2021-01-05T23:00:00+00:00\",\"dateModified\":\"2025-05-20T20:37:39+00:00\",\"breadcrumb\":{\"@id\":\"https:\/\/psicologasm.com.br\/?page_id=513#breadcrumb\"},\"inLanguage\":\"pt-BR\",\"potentialAction\":[{\"@type\":\"ReadAction\",\"target\":[\"https:\/\/psicologasm.com.br\/?page_id=513\"]}]},{\"@type\":\"BreadcrumbList\",\"@id\":\"https:\/\/psicologasm.com.br\/?page_id=513#breadcrumb\",\"itemListElement\":[{\"@type\":\"ListItem\",\"position\":1,\"name\":\"In\u00edcio\",\"item\":\"https:\/\/psicologasm.com.br\/\"},{\"@type\":\"ListItem\",\"position\":2,\"name\":\"Demandas Atendidas\"}]},{\"@type\":\"WebSite\",\"@id\":\"https:\/\/psicologasm.com.br\/#website\",\"url\":\"https:\/\/psicologasm.com.br\/\",\"name\":\"Michele Lohmann - Psic\u00f3loga CRP 07\/33684\",\"description\":\"Psic\u00f3loga CRP 07\/24780\",\"potentialAction\":[{\"@type\":\"SearchAction\",\"target\":{\"@type\":\"EntryPoint\",\"urlTemplate\":\"https:\/\/psicologasm.com.br\/?s={search_term_string}\"},\"query-input\":\"required name=search_term_string\"}],\"inLanguage\":\"pt-BR\"}]}<\/script>\n<!-- \/ Yoast SEO plugin. -->","yoast_head_json":{"title":"Demandas Atendidas - Ionara Lohmann","robots":{"index":"index","follow":"follow","max-snippet":"max-snippet:-1","max-image-preview":"max-image-preview:large","max-video-preview":"max-video-preview:-1"},"canonical":"https:\/\/psicologasm.com.br\/?page_id=513","og_locale":"pt_BR","og_type":"article","og_title":"Demandas Atendidas - Ionara Lohmann","og_url":"https:\/\/psicologasm.com.br\/?page_id=513","og_site_name":"Ionara Lohmann","article_modified_time":"2025-05-20T20:37:39+00:00","og_image":[{"width":100,"height":100,"url":"https:\/\/psicologasm.com.br\/wp-content\/uploads\/2022\/01\/cabeca-e1642087933878.png","type":"image\/png"}],"twitter_card":"summary_large_image","twitter_misc":{"Est. tempo de leitura":"1 minuto"},"schema":{"@context":"https:\/\/schema.org","@graph":[{"@type":"WebPage","@id":"https:\/\/psicologasm.com.br\/?page_id=513","url":"https:\/\/psicologasm.com.br\/?page_id=513","name":"Demandas Atendidas - Ionara Lohmann","isPartOf":{"@id":"https:\/\/psicologasm.com.br\/#website"},"datePublished":"2021-01-05T23:00:00+00:00","dateModified":"2025-05-20T20:37:39+00:00","breadcrumb":{"@id":"https:\/\/psicologasm.com.br\/?page_id=513#breadcrumb"},"inLanguage":"pt-BR","potentialAction":[{"@type":"ReadAction","target":["https:\/\/psicologasm.com.br\/?page_id=513"]}]},{"@type":"BreadcrumbList","@id":"https:\/\/psicologasm.com.br\/?page_id=513#breadcrumb","itemListElement":[{"@type":"ListItem","position":1,"name":"In\u00edcio","item":"https:\/\/psicologasm.com.br\/"},{"@type":"ListItem","position":2,"name":"Demandas Atendidas"}]},{"@type":"WebSite","@id":"https:\/\/psicologasm.com.br\/#website","url":"https:\/\/psicologasm.com.br\/","name":"Michele Lohmann - Psic\u00f3loga CRP 07\/33684","description":"Psic\u00f3loga CRP 07\/24780","potentialAction":[{"@type":"SearchAction","target":{"@type":"EntryPoint","urlTemplate":"https:\/\/psicologasm.com.br\/?s={search_term_string}"},"query-input":"required name=search_term_string"}],"inLanguage":"pt-BR"}]}},"_links":{"self":[{"href":"https:\/\/psicologasm.com.br\/index.php?rest_route=\/wp\/v2\/pages\/513","targetHints":{"allow":["GET"]}}],"collection":[{"href":"https:\/\/psicologasm.com.br\/index.php?rest_route=\/wp\/v2\/pages"}],"about":[{"href":"https:\/\/psicologasm.com.br\/index.php?rest_route=\/wp\/v2\/types\/page"}],"author":[{"embeddable":true,"href":"https:\/\/psicologasm.com.br\/index.php?rest_route=\/wp\/v2\/users\/3"}],"replies":[{"embeddable":true,"href":"https:\/\/psicologasm.com.br\/index.php?rest_route=%2Fwp%2Fv2%2Fcomments&post=513"}],"version-history":[{"count":24,"href":"https:\/\/psicologasm.com.br\/index.php?rest_route=\/wp\/v2\/pages\/513\/revisions"}],"predecessor-version":[{"id":985,"href":"https:\/\/psicologasm.com.br\/index.php?rest_route=\/wp\/v2\/pages\/513\/revisions\/985"}],"wp:featuredmedia":[{"embeddable":true,"href":"https:\/\/psicologasm.com.br\/index.php?rest_route=\/wp\/v2\/media\/918"}],"wp:attachment":[{"href":"https:\/\/psicologasm.com.br\/index.php?rest_route=%2Fwp%2Fv2%2Fmedia&parent=513"}],"curies":[{"name":"wp","href":"https:\/\/api.w.org\/{rel}","templated":true}]}}